{"id":11,"date":"2020-11-10T17:42:58","date_gmt":"2020-11-10T17:42:58","guid":{"rendered":"http:\/\/wp.institutodenegocios.com\/?page_id=11"},"modified":"2021-07-16T14:12:19","modified_gmt":"2021-07-16T14:12:19","slug":"11-2","status":"publish","type":"page","link":"https:\/\/wp.institutodenegocios.com\/index.php\/11-2\/","title":{"rendered":""},"content":{"rendered":"\t\t<div data-elementor-type=\"wp-page\" data-elementor-id=\"11\" class=\"elementor elementor-11\">\n\t\t\t\t\t\t<div class=\"elementor-inner\">\n\t\t\t\t<div class=\"elementor-section-wrap\">\n\t\t\t\t\t\t\t\t\t<section class=\"elementor-section elementor-top-section elementor-element elementor-element-ffefc41 elementor-section-boxed elementor-section-height-default elementor-section-height-default\" data-id=\"ffefc41\" data-element_type=\"section\" data-settings=\"{&quot;background_background&quot;:&quot;classic&quot;}\">\n\t\t\t\t\t\t<div class=\"elementor-container elementor-column-gap-default\">\n\t\t\t\t\t\t\t<div class=\"elementor-row\">\n\t\t\t\t\t<div class=\"elementor-column elementor-col-100 elementor-top-column elementor-element elementor-element-e3339b7\" data-id=\"e3339b7\" data-element_type=\"column\">\n\t\t\t<div class=\"elementor-column-wrap elementor-element-populated\">\n\t\t\t\t\t\t\t<div class=\"elementor-widget-wrap\">\n\t\t\t\t\t\t<div class=\"elementor-element elementor-element-7535df9 elementor-widget__width-initial elementor-widget elementor-widget-text-editor\" data-id=\"7535df9\" data-element_type=\"widget\" data-widget_type=\"text-editor.default\">\n\t\t\t\t<div class=\"elementor-widget-container\">\n\t\t\t\t\t\t\t\t<div class=\"elementor-text-editor elementor-clearfix\">\n\t\t\t\t<p>\u00a0<\/p><h2 class=\"ne elHeadline hsSize2 lh3 elMargin0 elBGStyle0 hsTextShadow0 mfs_15 de1pxLetterSpacing\" style=\"font-size: 20px; line-height: normal; margin-top: 0px; margin-bottom: 0px; text-align: left; font-weight: 500; letter-spacing: 1px; font-family: Montserrat, Helvetica, sans-serif; color: #0675f7; position: relative;\" contenteditable=\"false\" data-bold=\"inherit\" data-gramm=\"false\"><span style=\"font-weight: bold;\">ENTRENAMIENTO VIRTUAL GRATUITO<\/span><\/h2>\t\t\t\t\t<\/div>\n\t\t\t\t\t\t<\/div>\n\t\t\t\t<\/div>\n\t\t\t\t<div class=\"elementor-element elementor-element-8571502 elementor-widget elementor-widget-heading\" data-id=\"8571502\" data-element_type=\"widget\" data-widget_type=\"heading.default\">\n\t\t\t\t<div class=\"elementor-widget-container\">\n\t\t\t<h2 class=\"elementor-heading-title elementor-size-default\"><h1 class=\"ne elHeadline hsSize3 elMargin0 elBGStyle0 hsTextShadow0 mfs_31 lh1\" data-bold=\"inherit\" data-gramm=\"false\" contenteditable=\"false\" style=\"font-size: 48px; margin: 0px; font-family: Montserrat, Helvetica, sans-serif; font-weight: 500; line-height: 1em; color: rgb(6, 65, 195); position: relative; letter-spacing: normal; white-space: normal; text-align: center;\">\u00bfUtilizas las redes sociales como<span>&nbsp;<\/span><b style=\"box-sizing: border-box; font-weight: 700;\">herramienta de venta?<\/b><\/h1><\/h2>\t\t<\/div>\n\t\t\t\t<\/div>\n\t\t\t\t<div class=\"elementor-element elementor-element-aea7022 elementor-widget elementor-widget-image\" data-id=\"aea7022\" data-element_type=\"widget\" data-widget_type=\"image.default\">\n\t\t\t\t<div class=\"elementor-widget-container\">\n\t\t\t\t\t\t\t\t<div class=\"elementor-image\">\n\t\t\t\t\t\t\t\t\t\t\t\t<img loading=\"lazy\" decoding=\"async\" width=\"300\" height=\"103\" src=\"https:\/\/wp.institutodenegocios.com\/wp-content\/uploads\/2020\/11\/Mesa-de-trabajo-9-300x103.png\" class=\"attachment-medium size-medium\" alt=\"\" srcset=\"https:\/\/wp.institutodenegocios.com\/wp-content\/uploads\/2020\/11\/Mesa-de-trabajo-9-300x103.png 300w, https:\/\/wp.institutodenegocios.com\/wp-content\/uploads\/2020\/11\/Mesa-de-trabajo-9-1024x352.png 1024w, https:\/\/wp.institutodenegocios.com\/wp-content\/uploads\/2020\/11\/Mesa-de-trabajo-9-768x264.png 768w, https:\/\/wp.institutodenegocios.com\/wp-content\/uploads\/2020\/11\/Mesa-de-trabajo-9-1536x528.png 1536w, https:\/\/wp.institutodenegocios.com\/wp-content\/uploads\/2020\/11\/Mesa-de-trabajo-9-2048x704.png 2048w, https:\/\/wp.institutodenegocios.com\/wp-content\/uploads\/2020\/11\/Mesa-de-trabajo-9-1200x413.png 1200w, https:\/\/wp.institutodenegocios.com\/wp-content\/uploads\/2020\/11\/Mesa-de-trabajo-9-1980x681.png 1980w\" sizes=\"(max-width: 300px) 100vw, 300px\" \/>\t\t\t\t\t\t\t\t\t\t\t\t\t\t<\/div>\n\t\t\t\t\t\t<\/div>\n\t\t\t\t<\/div>\n\t\t\t\t<div class=\"elementor-element elementor-element-5669fc3 elementor-widget elementor-widget-text-editor\" data-id=\"5669fc3\" data-element_type=\"widget\" data-widget_type=\"text-editor.default\">\n\t\t\t\t<div class=\"elementor-widget-container\">\n\t\t\t\t\t\t\t\t<div class=\"elementor-text-editor elementor-clearfix\">\n\t\t\t\t<p>\u00a0<\/p><h2 class=\"ne elHeadline hsSize2 lh3 elMargin0 elBGStyle0 hsTextShadow0 mfs_15 de1pxLetterSpacing\" style=\"font-family: Montserrat, Helvetica, sans-serif; font-weight: 500; line-height: normal; color: #0675f7; margin-top: 0px; margin-bottom: 0px; font-size: 16px; position: relative; letter-spacing: 1px; text-align: center;\" contenteditable=\"false\" data-bold=\"inherit\" data-gramm=\"false\"><span style=\"font-weight: bold;\">S\u00c1BADO 7 DE NOVIEMBRE a las 10 a.m hora Miami<\/span><\/h2>\t\t\t\t\t<\/div>\n\t\t\t\t\t\t<\/div>\n\t\t\t\t<\/div>\n\t\t\t\t<section class=\"elementor-section elementor-inner-section elementor-element elementor-element-fe18e60 elementor-section-boxed elementor-section-height-default elementor-section-height-default\" data-id=\"fe18e60\" data-element_type=\"section\">\n\t\t\t\t\t\t<div class=\"elementor-container elementor-column-gap-default\">\n\t\t\t\t\t\t\t<div class=\"elementor-row\">\n\t\t\t\t\t<div class=\"elementor-column elementor-col-50 elementor-inner-column elementor-element elementor-element-dac30e0\" data-id=\"dac30e0\" data-element_type=\"column\">\n\t\t\t<div class=\"elementor-column-wrap elementor-element-populated\">\n\t\t\t\t\t\t\t<div class=\"elementor-widget-wrap\">\n\t\t\t\t\t\t<div class=\"elementor-element elementor-element-981fedf elementor-widget elementor-widget-text-editor\" data-id=\"981fedf\" data-element_type=\"widget\" data-widget_type=\"text-editor.default\">\n\t\t\t\t<div class=\"elementor-widget-container\">\n\t\t\t\t\t\t\t\t<div class=\"elementor-text-editor elementor-clearfix\">\n\t\t\t\t<p>\u00a0<\/p><h2 class=\"ne elHeadline hsSize2 lh3 elMargin0 elBGStyle0 hsTextShadow0\" style=\"font-family: 'Noto Sans', Helvetica, sans-serif; font-weight: 500; line-height: normal; color: #011b93; margin-top: 0px; margin-bottom: 0px; font-size: 26px; position: relative; letter-spacing: normal; text-align: left;\" contenteditable=\"false\" data-bold=\"inherit\" data-gramm=\"false\"><span style=\"font-weight: bold;\">En este entrenamiento conocer\u00e1s:<\/span><\/h2>\t\t\t\t\t<\/div>\n\t\t\t\t\t\t<\/div>\n\t\t\t\t<\/div>\n\t\t\t\t<div class=\"elementor-element elementor-element-cb90fb9 elementor-widget-divider--view-line elementor-widget elementor-widget-divider\" data-id=\"cb90fb9\" data-element_type=\"widget\" data-widget_type=\"divider.default\">\n\t\t\t\t<div class=\"elementor-widget-container\">\n\t\t\t\t\t<div class=\"elementor-divider\">\n\t\t\t<span class=\"elementor-divider-separator\">\n\t\t\t\t\t\t<\/span>\n\t\t<\/div>\n\t\t\t\t<\/div>\n\t\t\t\t<\/div>\n\t\t\t\t<div class=\"elementor-element elementor-element-8fe2bc5 elementor-widget elementor-widget-text-editor\" data-id=\"8fe2bc5\" data-element_type=\"widget\" data-widget_type=\"text-editor.default\">\n\t\t\t\t<div class=\"elementor-widget-container\">\n\t\t\t\t\t\t\t\t<div class=\"elementor-text-editor elementor-clearfix\">\n\t\t\t\t<ul><li style=\"padding-bottom: 6px; list-style-type: none; margin-bottom: 6px; padding-left: 2em; font-size: 18px; color: #011b93; font-family: Montserrat, Helvetica, sans-serif;\">Las \u00faltimas actualizaciones que debes saber sobre Facebook e Instagram.<\/li><li style=\"padding-bottom: 6px; list-style-type: none; margin-bottom: 6px; padding-left: 2em; font-size: 18px; color: #011b93; font-family: Montserrat, Helvetica, sans-serif;\">C\u00f3mo el 2020 cambi\u00f3 las ventas en redes sociales.<\/li><li style=\"padding-bottom: 6px; list-style-type: none; margin-bottom: 6px; padding-left: 2em; font-size: 18px; color: #011b93; font-family: Montserrat, Helvetica, sans-serif;\">La f\u00f3rmula para crear anuncios exitosos.<\/li><\/ul>\t\t\t\t\t<\/div>\n\t\t\t\t\t\t<\/div>\n\t\t\t\t<\/div>\n\t\t\t\t<div class=\"elementor-element elementor-element-4eeb861 elementor-widget elementor-widget-image\" data-id=\"4eeb861\" data-element_type=\"widget\" data-widget_type=\"image.default\">\n\t\t\t\t<div class=\"elementor-widget-container\">\n\t\t\t\t\t\t\t\t<div class=\"elementor-image\">\n\t\t\t\t\t\t\t\t\t\t\t\t<img loading=\"lazy\" decoding=\"async\" width=\"580\" height=\"49\" src=\"https:\/\/wp.institutodenegocios.com\/wp-content\/uploads\/2020\/11\/Grupo-513@2x.png\" class=\"attachment-large size-large\" alt=\"\" srcset=\"https:\/\/wp.institutodenegocios.com\/wp-content\/uploads\/2020\/11\/Grupo-513@2x.png 811w, https:\/\/wp.institutodenegocios.com\/wp-content\/uploads\/2020\/11\/Grupo-513@2x-300x25.png 300w, https:\/\/wp.institutodenegocios.com\/wp-content\/uploads\/2020\/11\/Grupo-513@2x-768x64.png 768w\" sizes=\"(max-width: 580px) 100vw, 580px\" \/>\t\t\t\t\t\t\t\t\t\t\t\t\t\t<\/div>\n\t\t\t\t\t\t<\/div>\n\t\t\t\t<\/div>\n\t\t\t\t\t\t<\/div>\n\t\t\t\t\t<\/div>\n\t\t<\/div>\n\t\t\t\t<div class=\"elementor-column elementor-col-50 elementor-inner-column elementor-element elementor-element-eab0559\" data-id=\"eab0559\" data-element_type=\"column\">\n\t\t\t<div class=\"elementor-column-wrap\">\n\t\t\t\t\t\t\t<div class=\"elementor-widget-wrap\">\n\t\t\t\t\t\t\t\t<\/div>\n\t\t\t\t\t<\/div>\n\t\t<\/div>\n\t\t\t\t\t\t\t\t<\/div>\n\t\t\t\t\t<\/div>\n\t\t<\/section>\n\t\t\t\t\t\t<\/div>\n\t\t\t\t\t<\/div>\n\t\t<\/div>\n\t\t\t\t\t\t\t\t<\/div>\n\t\t\t\t\t<\/div>\n\t\t<\/section>\n\t\t\t\t<section class=\"elementor-section elementor-top-section elementor-element elementor-element-a15952a elementor-section-stretched elementor-section-boxed elementor-section-height-default elementor-section-height-default\" data-id=\"a15952a\" data-element_type=\"section\" data-settings=\"{&quot;stretch_section&quot;:&quot;section-stretched&quot;,&quot;background_background&quot;:&quot;classic&quot;}\">\n\t\t\t\t\t\t<div class=\"elementor-container elementor-column-gap-default\">\n\t\t\t\t\t\t\t<div class=\"elementor-row\">\n\t\t\t\t\t<div class=\"elementor-column elementor-col-33 elementor-top-column elementor-element elementor-element-7ac29a4\" data-id=\"7ac29a4\" data-element_type=\"column\">\n\t\t\t<div class=\"elementor-column-wrap elementor-element-populated\">\n\t\t\t\t\t\t\t<div class=\"elementor-widget-wrap\">\n\t\t\t\t\t\t<div class=\"elementor-element elementor-element-b341a62 elementor-widget elementor-widget-image\" data-id=\"b341a62\" data-element_type=\"widget\" data-widget_type=\"image.default\">\n\t\t\t\t<div class=\"elementor-widget-container\">\n\t\t\t\t\t\t\t\t<div class=\"elementor-image\">\n\t\t\t\t\t\t\t\t\t\t\t\t<img loading=\"lazy\" decoding=\"async\" width=\"580\" height=\"245\" src=\"https:\/\/wp.institutodenegocios.com\/wp-content\/uploads\/2020\/11\/Grupo-1401@2x.png\" class=\"attachment-large size-large\" alt=\"\" srcset=\"https:\/\/wp.institutodenegocios.com\/wp-content\/uploads\/2020\/11\/Grupo-1401@2x.png 862w, https:\/\/wp.institutodenegocios.com\/wp-content\/uploads\/2020\/11\/Grupo-1401@2x-300x127.png 300w, https:\/\/wp.institutodenegocios.com\/wp-content\/uploads\/2020\/11\/Grupo-1401@2x-768x324.png 768w\" sizes=\"(max-width: 580px) 100vw, 580px\" \/>\t\t\t\t\t\t\t\t\t\t\t\t\t\t<\/div>\n\t\t\t\t\t\t<\/div>\n\t\t\t\t<\/div>\n\t\t\t\t\t\t<\/div>\n\t\t\t\t\t<\/div>\n\t\t<\/div>\n\t\t\t\t<div class=\"elementor-column elementor-col-33 elementor-top-column elementor-element elementor-element-c4bcfc3\" data-id=\"c4bcfc3\" data-element_type=\"column\">\n\t\t\t<div class=\"elementor-column-wrap elementor-element-populated\">\n\t\t\t\t\t\t\t<div class=\"elementor-widget-wrap\">\n\t\t\t\t\t\t<div class=\"elementor-element elementor-element-d9f5fb8 elementor-widget elementor-widget-image\" data-id=\"d9f5fb8\" data-element_type=\"widget\" data-widget_type=\"image.default\">\n\t\t\t\t<div class=\"elementor-widget-container\">\n\t\t\t\t\t\t\t\t<div class=\"elementor-image\">\n\t\t\t\t\t\t\t\t\t\t\t\t<img loading=\"lazy\" decoding=\"async\" width=\"580\" height=\"302\" src=\"https:\/\/wp.institutodenegocios.com\/wp-content\/uploads\/2020\/11\/Grupo-1394@2x.png\" class=\"attachment-large size-large\" alt=\"\" srcset=\"https:\/\/wp.institutodenegocios.com\/wp-content\/uploads\/2020\/11\/Grupo-1394@2x.png 745w, https:\/\/wp.institutodenegocios.com\/wp-content\/uploads\/2020\/11\/Grupo-1394@2x-300x156.png 300w\" sizes=\"(max-width: 580px) 100vw, 580px\" \/>\t\t\t\t\t\t\t\t\t\t\t\t\t\t<\/div>\n\t\t\t\t\t\t<\/div>\n\t\t\t\t<\/div>\n\t\t\t\t\t\t<\/div>\n\t\t\t\t\t<\/div>\n\t\t<\/div>\n\t\t\t\t<div class=\"elementor-column elementor-col-33 elementor-top-column elementor-element elementor-element-610dc5b\" data-id=\"610dc5b\" data-element_type=\"column\">\n\t\t\t<div class=\"elementor-column-wrap elementor-element-populated\">\n\t\t\t\t\t\t\t<div class=\"elementor-widget-wrap\">\n\t\t\t\t\t\t<div class=\"elementor-element elementor-element-6525ca3 elementor-widget elementor-widget-image\" data-id=\"6525ca3\" data-element_type=\"widget\" data-widget_type=\"image.default\">\n\t\t\t\t<div class=\"elementor-widget-container\">\n\t\t\t\t\t\t\t\t<div class=\"elementor-image\">\n\t\t\t\t\t\t\t\t\t\t\t\t<img loading=\"lazy\" decoding=\"async\" width=\"502\" height=\"292\" src=\"https:\/\/wp.institutodenegocios.com\/wp-content\/uploads\/2020\/11\/Grupo-1393@2x.png\" class=\"attachment-large size-large\" alt=\"\" srcset=\"https:\/\/wp.institutodenegocios.com\/wp-content\/uploads\/2020\/11\/Grupo-1393@2x.png 502w, https:\/\/wp.institutodenegocios.com\/wp-content\/uploads\/2020\/11\/Grupo-1393@2x-300x175.png 300w\" sizes=\"(max-width: 502px) 100vw, 502px\" \/>\t\t\t\t\t\t\t\t\t\t\t\t\t\t<\/div>\n\t\t\t\t\t\t<\/div>\n\t\t\t\t<\/div>\n\t\t\t\t\t\t<\/div>\n\t\t\t\t\t<\/div>\n\t\t<\/div>\n\t\t\t\t\t\t\t\t<\/div>\n\t\t\t\t\t<\/div>\n\t\t<\/section>\n\t\t\t\t<section class=\"elementor-section elementor-top-section elementor-element elementor-element-be2da84 elementor-section-stretched elementor-section-boxed elementor-section-height-default elementor-section-height-default\" data-id=\"be2da84\" data-element_type=\"section\" data-settings=\"{&quot;stretch_section&quot;:&quot;section-stretched&quot;}\">\n\t\t\t\t\t\t<div class=\"elementor-container elementor-column-gap-default\">\n\t\t\t\t\t\t\t<div class=\"elementor-row\">\n\t\t\t\t\t<div class=\"elementor-column elementor-col-100 elementor-top-column elementor-element elementor-element-8073eea\" data-id=\"8073eea\" data-element_type=\"column\">\n\t\t\t<div class=\"elementor-column-wrap elementor-element-populated\">\n\t\t\t\t\t\t\t<div class=\"elementor-widget-wrap\">\n\t\t\t\t\t\t<div class=\"elementor-element elementor-element-c3074dc elementor-widget elementor-widget-image\" data-id=\"c3074dc\" data-element_type=\"widget\" data-widget_type=\"image.default\">\n\t\t\t\t<div class=\"elementor-widget-container\">\n\t\t\t\t\t\t\t\t<div class=\"elementor-image\">\n\t\t\t\t\t\t\t\t\t\t\t\t<img loading=\"lazy\" decoding=\"async\" width=\"300\" height=\"79\" src=\"https:\/\/wp.institutodenegocios.com\/wp-content\/uploads\/2020\/11\/Grupo-1396@2x-300x79.png\" class=\"attachment-medium size-medium\" alt=\"\" srcset=\"https:\/\/wp.institutodenegocios.com\/wp-content\/uploads\/2020\/11\/Grupo-1396@2x-300x79.png 300w, https:\/\/wp.institutodenegocios.com\/wp-content\/uploads\/2020\/11\/Grupo-1396@2x-768x203.png 768w, https:\/\/wp.institutodenegocios.com\/wp-content\/uploads\/2020\/11\/Grupo-1396@2x.png 1006w\" sizes=\"(max-width: 300px) 100vw, 300px\" \/>\t\t\t\t\t\t\t\t\t\t\t\t\t\t<\/div>\n\t\t\t\t\t\t<\/div>\n\t\t\t\t<\/div>\n\t\t\t\t<div class=\"elementor-element elementor-element-9439435 elementor-widget elementor-widget-text-editor\" data-id=\"9439435\" data-element_type=\"widget\" data-widget_type=\"text-editor.default\">\n\t\t\t\t<div class=\"elementor-widget-container\">\n\t\t\t\t\t\t\t\t<div class=\"elementor-text-editor elementor-clearfix\">\n\t\t\t\t<p>\u00a0<\/p><h1 class=\"ne elHeadline hsSize3 lh4 elMargin0 elBGStyle0 hsTextShadow0 mfs_28\" style=\"font-size: 32px; margin: 0px; font-family: Montserrat, Helvetica, sans-serif; font-weight: 500; line-height: 1.3em; color: #07369e; position: relative; letter-spacing: normal; background-color: #f9fdff; text-align: center;\" contenteditable=\"false\" data-bold=\"inherit\" data-gramm=\"false\">Reg\u00edstrate<span style=\"font-weight: bold; color: #011b93;\">\u00a0GRATIS\u00a0<\/span>al entrenamiento<\/h1>\t\t\t\t\t<\/div>\n\t\t\t\t\t\t<\/div>\n\t\t\t\t<\/div>\n\t\t\t\t\t\t<\/div>\n\t\t\t\t\t<\/div>\n\t\t<\/div>\n\t\t\t\t\t\t\t\t<\/div>\n\t\t\t\t\t<\/div>\n\t\t<\/section>\n\t\t\t\t<section class=\"elementor-section elementor-top-section elementor-element elementor-element-bc7b967 elementor-section-boxed elementor-section-height-default elementor-section-height-default\" data-id=\"bc7b967\" data-element_type=\"section\" data-settings=\"{&quot;background_background&quot;:&quot;classic&quot;}\">\n\t\t\t\t\t\t<div class=\"elementor-container elementor-column-gap-default\">\n\t\t\t\t\t\t\t<div class=\"elementor-row\">\n\t\t\t\t\t<div class=\"elementor-column elementor-col-20 elementor-top-column elementor-element elementor-element-d935b3f\" data-id=\"d935b3f\" data-element_type=\"column\">\n\t\t\t<div class=\"elementor-column-wrap elementor-element-populated\">\n\t\t\t\t\t\t\t<div class=\"elementor-widget-wrap\">\n\t\t\t\t\t\t<div class=\"elementor-element elementor-element-346401b elementor-widget elementor-widget-image\" data-id=\"346401b\" data-element_type=\"widget\" data-widget_type=\"image.default\">\n\t\t\t\t<div class=\"elementor-widget-container\">\n\t\t\t\t\t\t\t\t<div class=\"elementor-image\">\n\t\t\t\t\t\t\t\t\t\t\t\t<img loading=\"lazy\" decoding=\"async\" width=\"169\" height=\"60\" src=\"https:\/\/wp.institutodenegocios.com\/wp-content\/uploads\/2020\/11\/IN-footer.png\" class=\"attachment-large size-large\" alt=\"\" \/>\t\t\t\t\t\t\t\t\t\t\t\t\t\t<\/div>\n\t\t\t\t\t\t<\/div>\n\t\t\t\t<\/div>\n\t\t\t\t\t\t<\/div>\n\t\t\t\t\t<\/div>\n\t\t<\/div>\n\t\t\t\t<div class=\"elementor-column elementor-col-20 elementor-top-column elementor-element elementor-element-6a28d1b\" data-id=\"6a28d1b\" data-element_type=\"column\">\n\t\t\t<div class=\"elementor-column-wrap elementor-element-populated\">\n\t\t\t\t\t\t\t<div class=\"elementor-widget-wrap\">\n\t\t\t\t\t\t<div class=\"elementor-element elementor-element-df9c1cd elementor-widget elementor-widget-text-editor\" data-id=\"df9c1cd\" data-element_type=\"widget\" data-widget_type=\"text-editor.default\">\n\t\t\t\t<div class=\"elementor-widget-container\">\n\t\t\t\t\t\t\t\t<div class=\"elementor-text-editor elementor-clearfix\">\n\t\t\t\t<p><span style=\"color: #ffffff; font-family: Montserrat, Helvetica, sans-serif; font-size: 10px; letter-spacing: normal; text-align: center;\">\u00a0 \u00a0 \u00a0 \u00a0 \u00a0 \u00a0 \u00a0 \u00a0 \u00a0 \u00a0 \u00a0 \u00a0 \u00a0 \u00a0 \u00a0 \u00a0 \u00a0 \u00a0 \u00a0 \u00a0 \u00a0 \u00a0 \u00a0 \u00a0 \u00a0 \u00a0 \u00a0 \u00a0 \u00a0 \u00a0 \u00a0 \u00a0 \u00a0 \u00a0 \u00a0 \u00a0 \u00a0 \u00a0Legal Terms &#8211; Acerca de las\u00a0<\/span><a style=\"background-image: initial; background-position: 0px 0px; background-size: initial; background-repeat: initial; background-attachment: initial; background-origin: initial; background-clip: initial; font-family: Montserrat, Helvetica, sans-serif; font-size: 10px; letter-spacing: normal; text-align: center; color: #f8f9fb;\" href=\"https:\/\/empiezatunegocio.co\/politica-de-privacidad\" target=\"_blank\" rel=\"noopener noreferrer\">Pol\u00edticas de Privacidad y el uso de Cookies<\/a><\/p><div style=\"color: #ffffff; font-family: Montserrat, Helvetica, sans-serif; font-size: 10px; letter-spacing: normal; text-align: center;\">\u00a0<\/div><div style=\"color: #ffffff; font-family: Montserrat, Helvetica, sans-serif; font-size: 10px; letter-spacing: normal; text-align: center;\">Instituto de Negocios (R) Derechos reservados 2019<\/div><div style=\"color: #ffffff; font-family: Montserrat, Helvetica, sans-serif; font-size: 10px; letter-spacing: normal; text-align: center;\">Este sitio no forma parte del sitio de Facebook o Facebook Inc. Adem\u00e1s, este sitio NO est\u00e1 respaldado por Facebook de ninguna manera. FACEBOOK es una marca registrada de FACEBOOK, Inc. Cuando se registre para esta capacitaci\u00f3n gratuita, ocasionalmente recibir\u00e1 correos electr\u00f3nicos gratuitos, consejos comerciales \u00fatiles, videos y actualizaciones para hacer crecer su esp\u00edritu empresarial y temas relacionados. Estamos compartiendo lo que hemos aprendido de nuestras experiencias y la de nuestros estudiantes y esta informaci\u00f3n no es garant\u00eda de ganancias o resultados. Si desea dejar de recibir nuestros correos electr\u00f3nicos, puede darse de baja en cualquier momento utilizando el enlace en los correos electr\u00f3nicos.<\/div>\t\t\t\t\t<\/div>\n\t\t\t\t\t\t<\/div>\n\t\t\t\t<\/div>\n\t\t\t\t\t\t<\/div>\n\t\t\t\t\t<\/div>\n\t\t<\/div>\n\t\t\t\t<div class=\"elementor-column elementor-col-20 elementor-top-column elementor-element elementor-element-5d8ca9d\" data-id=\"5d8ca9d\" data-element_type=\"column\">\n\t\t\t<div class=\"elementor-column-wrap elementor-element-populated\">\n\t\t\t\t\t\t\t<div class=\"elementor-widget-wrap\">\n\t\t\t\t\t\t<div class=\"elementor-element elementor-element-77bf5a3 elementor-widget elementor-widget-image\" data-id=\"77bf5a3\" data-element_type=\"widget\" data-widget_type=\"image.default\">\n\t\t\t\t<div class=\"elementor-widget-container\">\n\t\t\t\t\t\t\t\t<div class=\"elementor-image\">\n\t\t\t\t\t\t\t\t\t\t\t\t<img loading=\"lazy\" decoding=\"async\" width=\"253\" height=\"253\" src=\"https:\/\/wp.institutodenegocios.com\/wp-content\/uploads\/2020\/11\/rrss-01@2x.png\" class=\"attachment-large size-large\" alt=\"\" srcset=\"https:\/\/wp.institutodenegocios.com\/wp-content\/uploads\/2020\/11\/rrss-01@2x.png 253w, https:\/\/wp.institutodenegocios.com\/wp-content\/uploads\/2020\/11\/rrss-01@2x-150x150.png 150w\" sizes=\"(max-width: 253px) 100vw, 253px\" \/>\t\t\t\t\t\t\t\t\t\t\t\t\t\t<\/div>\n\t\t\t\t\t\t<\/div>\n\t\t\t\t<\/div>\n\t\t\t\t\t\t<\/div>\n\t\t\t\t\t<\/div>\n\t\t<\/div>\n\t\t\t\t<div class=\"elementor-column elementor-col-20 elementor-top-column elementor-element elementor-element-e96c2fb\" data-id=\"e96c2fb\" data-element_type=\"column\">\n\t\t\t<div class=\"elementor-column-wrap elementor-element-populated\">\n\t\t\t\t\t\t\t<div class=\"elementor-widget-wrap\">\n\t\t\t\t\t\t<div class=\"elementor-element elementor-element-51fa96f elementor-widget elementor-widget-image\" data-id=\"51fa96f\" data-element_type=\"widget\" data-widget_type=\"image.default\">\n\t\t\t\t<div class=\"elementor-widget-container\">\n\t\t\t\t\t\t\t\t<div class=\"elementor-image\">\n\t\t\t\t\t\t\t\t\t\t\t\t<img loading=\"lazy\" decoding=\"async\" width=\"253\" height=\"253\" src=\"https:\/\/wp.institutodenegocios.com\/wp-content\/uploads\/2020\/11\/rrss-02@2x.png\" class=\"attachment-large size-large\" alt=\"\" srcset=\"https:\/\/wp.institutodenegocios.com\/wp-content\/uploads\/2020\/11\/rrss-02@2x.png 253w, https:\/\/wp.institutodenegocios.com\/wp-content\/uploads\/2020\/11\/rrss-02@2x-150x150.png 150w\" sizes=\"(max-width: 253px) 100vw, 253px\" \/>\t\t\t\t\t\t\t\t\t\t\t\t\t\t<\/div>\n\t\t\t\t\t\t<\/div>\n\t\t\t\t<\/div>\n\t\t\t\t\t\t<\/div>\n\t\t\t\t\t<\/div>\n\t\t<\/div>\n\t\t\t\t<div class=\"elementor-column elementor-col-20 elementor-top-column elementor-element elementor-element-019d0d6\" data-id=\"019d0d6\" data-element_type=\"column\">\n\t\t\t<div class=\"elementor-column-wrap elementor-element-populated\">\n\t\t\t\t\t\t\t<div class=\"elementor-widget-wrap\">\n\t\t\t\t\t\t<div class=\"elementor-element elementor-element-f91eb8e elementor-widget elementor-widget-image\" data-id=\"f91eb8e\" data-element_type=\"widget\" data-widget_type=\"image.default\">\n\t\t\t\t<div class=\"elementor-widget-container\">\n\t\t\t\t\t\t\t\t<div class=\"elementor-image\">\n\t\t\t\t\t\t\t\t\t\t\t\t<img loading=\"lazy\" decoding=\"async\" width=\"253\" height=\"253\" src=\"https:\/\/wp.institutodenegocios.com\/wp-content\/uploads\/2020\/11\/rrss-03@2x.png\" class=\"attachment-large size-large\" alt=\"\" srcset=\"https:\/\/wp.institutodenegocios.com\/wp-content\/uploads\/2020\/11\/rrss-03@2x.png 253w, https:\/\/wp.institutodenegocios.com\/wp-content\/uploads\/2020\/11\/rrss-03@2x-150x150.png 150w\" sizes=\"(max-width: 253px) 100vw, 253px\" \/>\t\t\t\t\t\t\t\t\t\t\t\t\t\t<\/div>\n\t\t\t\t\t\t<\/div>\n\t\t\t\t<\/div>\n\t\t\t\t\t\t<\/div>\n\t\t\t\t\t<\/div>\n\t\t<\/div>\n\t\t\t\t\t\t\t\t<\/div>\n\t\t\t\t\t<\/div>\n\t\t<\/section>\n\t\t\t\t\t\t\t\t\t<\/div>\n\t\t\t<\/div>\n\t\t\t\t\t<\/div>\n\t\t","protected":false},"excerpt":{"rendered":"<p>ENTRENAMIENTO VIRTUAL GRATUITO \u00bfUtilizas las redes sociales como&nbsp;herramienta de venta? S\u00c1BADO 7 DE NOVIEMBRE a las 10 a.m hora Miami En este entrenamiento conocer\u00e1s: Las \u00faltimas actualizaciones que debes saber sobre Facebook e Instagram. C\u00f3mo el 2020 cambi\u00f3 las ventas en redes sociales. La f\u00f3rmula para crear anuncios exitosos. Reg\u00edstrate&nbsp;GRATIS&nbsp;al entrenamiento &nbsp; &nbsp; &nbsp; &nbsp; [&hellip;]<\/p>\n","protected":false},"author":1,"featured_media":0,"parent":0,"menu_order":0,"comment_status":"closed","ping_status":"closed","template":"elementor_canvas","meta":{"footnotes":""},"_links":{"self":[{"href":"https:\/\/wp.institutodenegocios.com\/index.php\/wp-json\/wp\/v2\/pages\/11"}],"collection":[{"href":"https:\/\/wp.institutodenegocios.com\/index.php\/wp-json\/wp\/v2\/pages"}],"about":[{"href":"https:\/\/wp.institutodenegocios.com\/index.php\/wp-json\/wp\/v2\/types\/page"}],"author":[{"embeddable":true,"href":"https:\/\/wp.institutodenegocios.com\/index.php\/wp-json\/wp\/v2\/users\/1"}],"replies":[{"embeddable":true,"href":"https:\/\/wp.institutodenegocios.com\/index.php\/wp-json\/wp\/v2\/comments?post=11"}],"version-history":[{"count":60,"href":"https:\/\/wp.institutodenegocios.com\/index.php\/wp-json\/wp\/v2\/pages\/11\/revisions"}],"predecessor-version":[{"id":1172,"href":"https:\/\/wp.institutodenegocios.com\/index.php\/wp-json\/wp\/v2\/pages\/11\/revisions\/1172"}],"wp:attachment":[{"href":"https:\/\/wp.institutodenegocios.com\/index.php\/wp-json\/wp\/v2\/media?parent=11"}],"curies":[{"name":"wp","href":"https:\/\/api.w.org\/{rel}","templated":true}]}}